{"id":383,"date":"2021-01-11T16:03:29","date_gmt":"2021-01-11T16:03:29","guid":{"rendered":"https:\/\/myllenniumtech.com\/?page_id=383"},"modified":"2022-10-11T16:31:46","modified_gmt":"2022-10-11T16:31:46","slug":"home","status":"publish","type":"page","link":"https:\/\/myllenniumtech.com\/en\/","title":{"rendered":"Home"},"content":{"rendered":"<p>[et_pb_section fb_built=&#8221;1&#8243; admin_label=&#8221;HERO&#8221; _builder_version=&#8221;4.6.3&#8243; _module_preset=&#8221;default&#8221; background_image=&#8221;https:\/\/myllenniumtech.com\/wp-content\/uploads\/2020\/12\/hero-accueil.jpg&#8221; custom_padding=&#8221;240px||240px||true|false&#8221; global_colors_info=&#8221;{}&#8221;][et_pb_row _builder_version=&#8221;4.6.3&#8243; _module_preset=&#8221;default&#8221; custom_margin=&#8221;0px||0px||false|false&#8221; custom_padding=&#8221;0px||0px||false|false&#8221; global_colors_info=&#8221;{}&#8221;][et_pb_column type=&#8221;4_4&#8243; _builder_version=&#8221;4.6.3&#8243; _module_preset=&#8221;default&#8221; global_colors_info=&#8221;{}&#8221;][et_pb_text module_id=&#8221;font-nexa&#8221; _builder_version=&#8221;4.6.3&#8243; _module_preset=&#8221;default&#8221; custom_margin=&#8221;||10px||false|false&#8221; global_colors_info=&#8221;{}&#8221;]<\/p>\n<h1>Myllennium<br \/>\n<span>Technologies<\/span><\/h1>\n<p>[\/et_pb_text][et_pb_text _builder_version=&#8221;4.14.7&#8243; _module_preset=&#8221;default&#8221; text_font=&#8221;|300||on|||||&#8221; text_text_color=&#8221;#ffffff&#8221; text_font_size=&#8221;20px&#8221; text_orientation=&#8221;center&#8221; global_colors_info=&#8221;{}&#8221;]<\/p>\n<p>YOUR CHALLENGES FUEL OUR PASSION<\/p>\n<p>[\/et_pb_text][\/et_pb_column][\/et_pb_row][\/et_pb_section][et_pb_section fb_built=&#8221;1&#8243; custom_padding_last_edited=&#8221;on|phone&#8221; _builder_version=&#8221;4.6.3&#8243; _module_preset=&#8221;default&#8221; custom_padding=&#8221;120px||120px||true|false&#8221; custom_padding_tablet=&#8221;&#8221; custom_padding_phone=&#8221;||60px||false|false&#8221; global_colors_info=&#8221;{}&#8221;][et_pb_row column_structure=&#8221;1_2,1_2&#8243; make_equal=&#8221;on&#8221; _builder_version=&#8221;4.6.3&#8243; _module_preset=&#8221;default&#8221; max_width=&#8221;1400px&#8221; module_alignment=&#8221;center&#8221; global_colors_info=&#8221;{}&#8221;][et_pb_column type=&#8221;1_2&#8243; _builder_version=&#8221;4.6.3&#8243; _module_preset=&#8221;default&#8221; global_colors_info=&#8221;{}&#8221;][et_pb_image src=&#8221;https:\/\/myllenniumtech.com\/wp-content\/uploads\/2020\/12\/img-bonzai-accueil.jpg&#8221; title_text=&#8221;img-bonzai-accueil&#8221; _builder_version=&#8221;4.6.3&#8243; _module_preset=&#8221;default&#8221; scroll_horizontal_motion_enable=&#8221;on&#8221; scroll_horizontal_motion=&#8221;0|50|50|100|-4|0|0&#8243; motion_trigger_start=&#8221;top&#8221; box_shadow_style=&#8221;preset1&#8243; global_colors_info=&#8221;{}&#8221;][\/et_pb_image][\/et_pb_column][et_pb_column type=&#8221;1_2&#8243; _builder_version=&#8221;4.6.3&#8243; _module_preset=&#8221;default&#8221; global_colors_info=&#8221;{}&#8221;][et_pb_text admin_label=&#8221;Titre&#8221; _builder_version=&#8221;4.6.3&#8243; _module_preset=&#8221;default&#8221; custom_margin=&#8221;||20px||false|false&#8221; global_colors_info=&#8221;{}&#8221;]<\/p>\n<h2>FOR A CLEAN PLANET<\/h2>\n<p>[\/et_pb_text][et_pb_text _builder_version=&#8221;4.6.3&#8243; _module_preset=&#8221;default&#8221; text_font=&#8221;|300|||||||&#8221; text_text_color=&#8221;#3C3C3C&#8221; text_font_size=&#8221;28px&#8221; text_line_height=&#8221;32px&#8221; custom_margin=&#8221;||100px||false|false&#8221; custom_margin_tablet=&#8221;&#8221; custom_margin_phone=&#8221;||40px||false|false&#8221; custom_margin_last_edited=&#8221;on|phone&#8221; global_colors_info=&#8221;{}&#8221;]<\/p>\n<p>Myllennium Technologies aims to <strong>RECOVER AGRICULTURAL RESIDUAL MATERIALS<\/strong>, by combining non recycled <strong>PLASTIC<\/strong> materials and <strong>BIOMASS<\/strong> to produce <strong>BIOMATERIALS<\/strong>, with no impact on the <strong>ENVIRONMENT<\/strong> at the end of their lifespan, for the next <strong>MILLENNIUM<\/strong>.<\/p>\n<p>[\/et_pb_text][et_pb_button button_url=&#8221;https:\/\/myllenniumtech.com\/en\/vision\/&#8221; button_text=&#8221;Learn more&#8221; _builder_version=&#8221;4.6.3&#8243; _module_preset=&#8221;default&#8221; global_colors_info=&#8221;{}&#8221;][\/et_pb_button][\/et_pb_column][\/et_pb_row][\/et_pb_section][et_pb_section fb_built=&#8221;1&#8243; admin_label=&#8221;Bandeau champignon&#8221; _builder_version=&#8221;4.6.3&#8243; _module_preset=&#8221;default&#8221; background_image=&#8221;https:\/\/myllenniumtech.com\/wp-content\/uploads\/2020\/12\/bande-champignon-accueil.jpg&#8221; custom_padding=&#8221;124px||124px||true|false&#8221; global_colors_info=&#8221;{}&#8221;][\/et_pb_section][et_pb_section fb_built=&#8221;1&#8243; custom_padding_last_edited=&#8221;on|phone&#8221; admin_label=&#8221;Section \u00e0 propos&#8221; _builder_version=&#8221;4.6.3&#8243; _module_preset=&#8221;default&#8221; custom_padding=&#8221;150px||150px||true|false&#8221; custom_padding_tablet=&#8221;&#8221; custom_padding_phone=&#8221;50px||50px||true|false&#8221; global_colors_info=&#8221;{}&#8221;][et_pb_row _builder_version=&#8221;4.6.3&#8243; _module_preset=&#8221;default&#8221; scroll_vertical_motion_enable=&#8221;on&#8221; scroll_vertical_motion=&#8221;0|50|50|100|2|0|0&#8243; scroll_fade_enable=&#8221;on&#8221; motion_trigger_start=&#8221;top&#8221; global_colors_info=&#8221;{}&#8221;][et_pb_column type=&#8221;4_4&#8243; _builder_version=&#8221;4.6.3&#8243; _module_preset=&#8221;default&#8221; global_colors_info=&#8221;{}&#8221;][et_pb_text admin_label=&#8221;Titre&#8221; _builder_version=&#8221;4.6.3&#8243; _module_preset=&#8221;default&#8221; header_2_font=&#8221;|300|||||||&#8221; header_2_text_align=&#8221;center&#8221; custom_margin=&#8221;||10px||false|false&#8221; global_colors_info=&#8221;{}&#8221;]<\/p>\n<h2>About<\/h2>\n<p>[\/et_pb_text][et_pb_divider color=&#8221;#38574c&#8221; divider_position=&#8221;center&#8221; divider_weight=&#8221;1px&#8221; _builder_version=&#8221;4.6.3&#8243; _module_preset=&#8221;default&#8221; module_alignment=&#8221;center&#8221; min_height=&#8221;1px&#8221; height=&#8221;1px&#8221; max_height=&#8221;1px&#8221; custom_margin=&#8221;0px||||false|false&#8221; custom_padding=&#8221;0px||0px||false|false&#8221; custom_css_main_element=&#8221;width: 148px!important;||margin: 0 auto !important;&#8221; global_colors_info=&#8221;{}&#8221;][\/et_pb_divider][et_pb_text _builder_version=&#8221;4.6.3&#8243; _module_preset=&#8221;default&#8221; text_font=&#8221;|300|||||||&#8221; text_text_color=&#8221;#3c3c3c&#8221; text_font_size=&#8221;28px&#8221; text_line_height=&#8221;34px&#8221; text_orientation=&#8221;center&#8221; max_width=&#8221;812px&#8221; module_alignment=&#8221;center&#8221; custom_margin=&#8221;35px||||false|false&#8221; global_colors_info=&#8221;{}&#8221;]<\/p>\n<p>Myllennium Technologies Inc. is developing a <strong>PORTFOLIO OF INNOVATIVE SOLUTIONS<\/strong> for the world of<strong>AGRICULTURE<\/strong>, the management of <strong>RESIDUAL MATERIALS<\/strong> and <strong>VALUE-ADDED BIOMATERIALS<\/strong>.<\/p>\n<p>[\/et_pb_text][et_pb_button button_url=&#8221;https:\/\/myllenniumtech.com\/en\/vision\/&#8221; button_text=&#8221;Learn more&#8221; button_alignment=&#8221;center&#8221; _builder_version=&#8221;4.6.3&#8243; _module_preset=&#8221;default&#8221; custom_margin=&#8221;35px||||false|false&#8221; global_colors_info=&#8221;{}&#8221;][\/et_pb_button][\/et_pb_column][\/et_pb_row][\/et_pb_section]<\/p>\n","protected":false},"excerpt":{"rendered":"<p>Myllennium TechnologiesYOUR CHALLENGES FUEL OUR PASSIONFOR A CLEAN PLANETMyllennium Technologies aims to RECOVER AGRICULTURAL RESIDUAL MATERIALS, by combining non recycled PLASTIC materials and BIOMASS to produce BIOMATERIALS, with no impact on the ENVIRONMENT at the end of their lifespan, for the next MILLENNIUM.AboutMyllennium Technologies Inc. is developing a PORTFOLIO OF INNOVATIVE SOLUTIONS for the world [&hellip;]<\/p>\n","protected":false},"author":1,"featured_media":0,"parent":0,"menu_order":0,"comment_status":"closed","ping_status":"closed","template":"","meta":{"_et_pb_use_builder":"on","_et_pb_old_content":"[et_pb_section fb_built=\"1\" admin_label=\"HERO\" _builder_version=\"4.6.3\" _module_preset=\"default\" background_image=\"https:\/\/myllenniumtech.com\/wp-content\/uploads\/2020\/12\/hero-accueil.jpg\" custom_padding=\"240px||240px||true|false\"][et_pb_row _builder_version=\"4.6.3\" _module_preset=\"default\" custom_margin=\"0px||0px||false|false\" custom_padding=\"0px||0px||false|false\"][et_pb_column type=\"4_4\" _builder_version=\"4.6.3\" _module_preset=\"default\"][et_pb_text module_id=\"font-nexa\" _builder_version=\"4.6.3\" _module_preset=\"default\" custom_margin=\"||10px||false|false\"]<h1>Myllennium\r\n<span>Technologies<\/span><\/h1>[\/et_pb_text][et_pb_text _builder_version=\"4.6.3\" _module_preset=\"default\" text_font=\"|300||on|||||\" text_text_color=\"#ffffff\" text_font_size=\"20px\" text_orientation=\"center\"]<p>Vos d\u00e9fis alimentent notre passion<\/p>[\/et_pb_text][\/et_pb_column][\/et_pb_row][\/et_pb_section][et_pb_section fb_built=\"1\" custom_padding_last_edited=\"on|phone\" _builder_version=\"4.6.3\" _module_preset=\"default\" custom_padding=\"120px||120px||true|false\" custom_padding_tablet=\"\" custom_padding_phone=\"||60px||false|false\"][et_pb_row column_structure=\"1_2,1_2\" make_equal=\"on\" _builder_version=\"4.6.3\" _module_preset=\"default\" max_width=\"1400px\" module_alignment=\"center\"][et_pb_column type=\"1_2\" _builder_version=\"4.6.3\" _module_preset=\"default\"][et_pb_image src=\"https:\/\/myllenniumtech.com\/wp-content\/uploads\/2020\/12\/img-bonzai-accueil.jpg\" title_text=\"img-bonzai-accueil\" _builder_version=\"4.6.3\" _module_preset=\"default\" scroll_horizontal_motion_enable=\"on\" scroll_horizontal_motion=\"0|50|50|100|-4|0|0\" motion_trigger_start=\"top\" box_shadow_style=\"preset1\"][\/et_pb_image][\/et_pb_column][et_pb_column type=\"1_2\" _builder_version=\"4.6.3\" _module_preset=\"default\"][et_pb_text admin_label=\"Titre\" _builder_version=\"4.6.3\" _module_preset=\"default\" custom_margin=\"||20px||false|false\"]<h2>Pour une plan\u00e8te propre<\/h2>[\/et_pb_text][et_pb_text _builder_version=\"4.6.3\" _module_preset=\"default\" text_font=\"|300|||||||\" text_text_color=\"#3C3C3C\" text_font_size=\"28px\" text_line_height=\"32px\" custom_margin=\"||100px||false|false\" custom_margin_tablet=\"\" custom_margin_phone=\"||40px||false|false\" custom_margin_last_edited=\"on|phone\"]<p>Myllennium Technologies a pour objectif la <strong>valorisation de mati\u00e8res r\u00e9siduelles<\/strong> agroindustrielles, en combinant les <strong>plastiques<\/strong> non recycl\u00e9s et de la <strong>biomasse<\/strong> pour la production de <strong>biomat\u00e9riaux<\/strong>, sans impact sur l\u2019<strong>environnement<\/strong> \u00e0 la fin de leur dur\u00e9e de vie, et ce, pour le prochain <strong>mill\u00e9naire<\/strong>.<\/p>[\/et_pb_text][et_pb_button button_url=\"\/vision\" button_text=\"En savoir plus\" _builder_version=\"4.6.3\" _module_preset=\"default\"][\/et_pb_button][\/et_pb_column][\/et_pb_row][\/et_pb_section][et_pb_section fb_built=\"1\" admin_label=\"Bandeau champignon\" _builder_version=\"4.6.3\" _module_preset=\"default\" background_image=\"https:\/\/myllenniumtech.com\/wp-content\/uploads\/2020\/12\/bande-champignon-accueil.jpg\" custom_padding=\"124px||124px||true|false\"][\/et_pb_section][et_pb_section fb_built=\"1\" custom_padding_last_edited=\"on|phone\" admin_label=\"Section \u00e0 propos\" _builder_version=\"4.6.3\" _module_preset=\"default\" custom_padding=\"150px||150px||true|false\" custom_padding_tablet=\"\" custom_padding_phone=\"50px||50px||true|false\"][et_pb_row _builder_version=\"4.6.3\" _module_preset=\"default\" scroll_vertical_motion_enable=\"on\" scroll_vertical_motion=\"0|50|50|100|2|0|0\" scroll_fade_enable=\"on\" motion_trigger_start=\"top\" hover_enabled=\"0\" sticky_enabled=\"0\"][et_pb_column type=\"4_4\" _builder_version=\"4.6.3\" _module_preset=\"default\"][et_pb_text admin_label=\"Titre\" _builder_version=\"4.6.3\" _module_preset=\"default\" header_2_font=\"|300|||||||\" header_2_text_align=\"center\" custom_margin=\"||10px||false|false\"]<h2>\u00c0 propos<\/h2>[\/et_pb_text][et_pb_divider color=\"#38574c\" divider_position=\"center\" divider_weight=\"1px\" _builder_version=\"4.6.3\" _module_preset=\"default\" module_alignment=\"center\" min_height=\"1px\" height=\"1px\" max_height=\"1px\" custom_margin=\"0px||||false|false\" custom_padding=\"0px||0px||false|false\" custom_css_main_element=\"width: 148px!important;||margin: 0 auto !important;\"][\/et_pb_divider][et_pb_text _builder_version=\"4.6.3\" _module_preset=\"default\" text_font=\"|300|||||||\" text_text_color=\"#3c3c3c\" text_font_size=\"28px\" text_line_height=\"34px\" text_orientation=\"center\" max_width=\"812px\" module_alignment=\"center\" custom_margin=\"35px||||false|false\"]<p>Myllennium Technologies Inc. d\u00e9veloppe un <strong>porte-folios de solutions novatrices<\/strong> pour le monde de l\u2019<strong>agriculture<\/strong>, la gestion des <strong>mati\u00e8res r\u00e9siduelles<\/strong> et les <strong>biomat\u00e9riaux<\/strong> \u00e0 <strong>valeur ajout\u00e9e<\/strong>.<\/p>[\/et_pb_text][et_pb_button button_url=\"\/vision\" button_text=\"En savoir plus\" button_alignment=\"center\" _builder_version=\"4.6.3\" _module_preset=\"default\" custom_margin=\"35px||||false|false\"][\/et_pb_button][\/et_pb_column][\/et_pb_row][\/et_pb_section]","_et_gb_content_width":""},"yoast_head":"<!-- This site is optimized with the Yoast SEO plugin v19.8 - https:\/\/yoast.com\/wordpress\/plugins\/seo\/ -->\n<title>Home || Myllennium Technologies<\/title>\n<meta name=\"description\" content=\"Myllennium technologies&#039; objective is to recover agro-industrial residual materials by combining non-recycled plastics ...\" \/>\n<meta name=\"robots\" content=\"index, follow, max-snippet:-1, max-image-preview:large, max-video-preview:-1\" \/>\n<link rel=\"canonical\" href=\"https:\/\/myllenniumtech.com\/\" \/>\n<meta property=\"og:locale\" content=\"en_US\" \/>\n<meta property=\"og:type\" content=\"article\" \/>\n<meta property=\"og:title\" content=\"Home || Myllennium Technologies\" \/>\n<meta property=\"og:description\" content=\"Myllennium technologies&#039; objective is to recover agro-industrial residual materials by combining non-recycled plastics ...\" \/>\n<meta property=\"og:url\" content=\"https:\/\/myllenniumtech.com\/\" \/>\n<meta property=\"og:site_name\" content=\"Myllennium Technologies\" \/>\n<meta property=\"article:modified_time\" content=\"2022-10-11T16:31:46+00:00\" \/>\n<meta name=\"twitter:card\" content=\"summary_large_image\" \/>\n<meta name=\"twitter:title\" content=\"Home || Myllennium Technologies\" \/>\n<meta name=\"twitter:description\" content=\"Myllennium technologies&#039; objective is to recover agro-industrial residual materials by combining non-recycled plastics ...\" \/>\n<meta name=\"twitter:label1\" content=\"Est. reading time\" \/>\n\t<meta name=\"twitter:data1\" content=\"4 minutes\" \/>\n<script type=\"application\/ld+json\" class=\"yoast-schema-graph\">{\"@context\":\"https:\/\/schema.org\",\"@graph\":[{\"@type\":\"WebPage\",\"@id\":\"https:\/\/myllenniumtech.com\/\",\"url\":\"https:\/\/myllenniumtech.com\/\",\"name\":\"Home || Myllennium Technologies\",\"isPartOf\":{\"@id\":\"https:\/\/myllenniumtech.com\/#website\"},\"datePublished\":\"2021-01-11T16:03:29+00:00\",\"dateModified\":\"2022-10-11T16:31:46+00:00\",\"description\":\"Myllennium technologies' objective is to recover agro-industrial residual materials by combining non-recycled plastics ...\",\"breadcrumb\":{\"@id\":\"https:\/\/myllenniumtech.com\/#breadcrumb\"},\"inLanguage\":\"en-US\",\"potentialAction\":[{\"@type\":\"ReadAction\",\"target\":[\"https:\/\/myllenniumtech.com\/\"]}]},{\"@type\":\"BreadcrumbList\",\"@id\":\"https:\/\/myllenniumtech.com\/#breadcrumb\",\"itemListElement\":[{\"@type\":\"ListItem\",\"position\":1,\"name\":\"Accueil\",\"item\":\"https:\/\/myllenniumtech.com\/\"},{\"@type\":\"ListItem\",\"position\":2,\"name\":\"Home\"}]},{\"@type\":\"WebSite\",\"@id\":\"https:\/\/myllenniumtech.com\/#website\",\"url\":\"https:\/\/myllenniumtech.com\/\",\"name\":\"Myllennium Technologies\",\"description\":\"\",\"publisher\":{\"@id\":\"https:\/\/myllenniumtech.com\/#organization\"},\"potentialAction\":[{\"@type\":\"SearchAction\",\"target\":{\"@type\":\"EntryPoint\",\"urlTemplate\":\"https:\/\/myllenniumtech.com\/?s={search_term_string}\"},\"query-input\":\"required name=search_term_string\"}],\"inLanguage\":\"en-US\"},{\"@type\":\"Organization\",\"@id\":\"https:\/\/myllenniumtech.com\/#organization\",\"name\":\"Myllennium Technologies\",\"url\":\"https:\/\/myllenniumtech.com\/\",\"sameAs\":[\"https:\/\/www.linkedin.com\/company\/myllennium-technologies\"],\"logo\":{\"@type\":\"ImageObject\",\"inLanguage\":\"en-US\",\"@id\":\"https:\/\/myllenniumtech.com\/#\/schema\/logo\/image\/\",\"url\":\"https:\/\/myllenniumtech.com\/wp-content\/uploads\/2020\/12\/logo-myllenium.png\",\"contentUrl\":\"https:\/\/myllenniumtech.com\/wp-content\/uploads\/2020\/12\/logo-myllenium.png\",\"width\":259,\"height\":81,\"caption\":\"Myllennium Technologies\"},\"image\":{\"@id\":\"https:\/\/myllenniumtech.com\/#\/schema\/logo\/image\/\"}}]}<\/script>\n<!-- \/ Yoast SEO plugin. -->","yoast_head_json":{"title":"Home || Myllennium Technologies","description":"Myllennium technologies' objective is to recover agro-industrial residual materials by combining non-recycled plastics ...","robots":{"index":"index","follow":"follow","max-snippet":"max-snippet:-1","max-image-preview":"max-image-preview:large","max-video-preview":"max-video-preview:-1"},"canonical":"https:\/\/myllenniumtech.com\/","og_locale":"en_US","og_type":"article","og_title":"Home || Myllennium Technologies","og_description":"Myllennium technologies' objective is to recover agro-industrial residual materials by combining non-recycled plastics ...","og_url":"https:\/\/myllenniumtech.com\/","og_site_name":"Myllennium Technologies","article_modified_time":"2022-10-11T16:31:46+00:00","twitter_card":"summary_large_image","twitter_title":"Home || Myllennium Technologies","twitter_description":"Myllennium technologies' objective is to recover agro-industrial residual materials by combining non-recycled plastics ...","twitter_misc":{"Est. reading time":"4 minutes"},"schema":{"@context":"https:\/\/schema.org","@graph":[{"@type":"WebPage","@id":"https:\/\/myllenniumtech.com\/","url":"https:\/\/myllenniumtech.com\/","name":"Home || Myllennium Technologies","isPartOf":{"@id":"https:\/\/myllenniumtech.com\/#website"},"datePublished":"2021-01-11T16:03:29+00:00","dateModified":"2022-10-11T16:31:46+00:00","description":"Myllennium technologies' objective is to recover agro-industrial residual materials by combining non-recycled plastics ...","breadcrumb":{"@id":"https:\/\/myllenniumtech.com\/#breadcrumb"},"inLanguage":"en-US","potentialAction":[{"@type":"ReadAction","target":["https:\/\/myllenniumtech.com\/"]}]},{"@type":"BreadcrumbList","@id":"https:\/\/myllenniumtech.com\/#breadcrumb","itemListElement":[{"@type":"ListItem","position":1,"name":"Accueil","item":"https:\/\/myllenniumtech.com\/"},{"@type":"ListItem","position":2,"name":"Home"}]},{"@type":"WebSite","@id":"https:\/\/myllenniumtech.com\/#website","url":"https:\/\/myllenniumtech.com\/","name":"Myllennium Technologies","description":"","publisher":{"@id":"https:\/\/myllenniumtech.com\/#organization"},"potentialAction":[{"@type":"SearchAction","target":{"@type":"EntryPoint","urlTemplate":"https:\/\/myllenniumtech.com\/?s={search_term_string}"},"query-input":"required name=search_term_string"}],"inLanguage":"en-US"},{"@type":"Organization","@id":"https:\/\/myllenniumtech.com\/#organization","name":"Myllennium Technologies","url":"https:\/\/myllenniumtech.com\/","sameAs":["https:\/\/www.linkedin.com\/company\/myllennium-technologies"],"logo":{"@type":"ImageObject","inLanguage":"en-US","@id":"https:\/\/myllenniumtech.com\/#\/schema\/logo\/image\/","url":"https:\/\/myllenniumtech.com\/wp-content\/uploads\/2020\/12\/logo-myllenium.png","contentUrl":"https:\/\/myllenniumtech.com\/wp-content\/uploads\/2020\/12\/logo-myllenium.png","width":259,"height":81,"caption":"Myllennium Technologies"},"image":{"@id":"https:\/\/myllenniumtech.com\/#\/schema\/logo\/image\/"}}]}},"_links":{"self":[{"href":"https:\/\/myllenniumtech.com\/en\/wp-json\/wp\/v2\/pages\/383"}],"collection":[{"href":"https:\/\/myllenniumtech.com\/en\/wp-json\/wp\/v2\/pages"}],"about":[{"href":"https:\/\/myllenniumtech.com\/en\/wp-json\/wp\/v2\/types\/page"}],"author":[{"embeddable":true,"href":"https:\/\/myllenniumtech.com\/en\/wp-json\/wp\/v2\/users\/1"}],"replies":[{"embeddable":true,"href":"https:\/\/myllenniumtech.com\/en\/wp-json\/wp\/v2\/comments?post=383"}],"version-history":[{"count":16,"href":"https:\/\/myllenniumtech.com\/en\/wp-json\/wp\/v2\/pages\/383\/revisions"}],"predecessor-version":[{"id":498,"href":"https:\/\/myllenniumtech.com\/en\/wp-json\/wp\/v2\/pages\/383\/revisions\/498"}],"wp:attachment":[{"href":"https:\/\/myllenniumtech.com\/en\/wp-json\/wp\/v2\/media?parent=383"}],"curies":[{"name":"wp","href":"https:\/\/api.w.org\/{rel}","templated":true}]}}